{"id":1320,"date":"2024-06-05T10:05:28","date_gmt":"2024-06-05T15:05:28","guid":{"rendered":"https:\/\/fblogistic.com\/?post_type=product&#038;p=1320"},"modified":"2024-06-05T14:43:26","modified_gmt":"2024-06-05T19:43:26","slug":"champagne-cheer","status":"publish","type":"product","link":"https:\/\/fblogistic.com\/en\/product\/champagne-cheer\/","title":{"rendered":"Champagne Cheer"},"content":{"rendered":"","protected":false},"excerpt":{"rendered":"<p><strong>Una Celebraci\u00f3n de Frescura en Cada Gota: Cada aplicaci\u00f3n de \u00abChampagne Cheer\u00bb<\/strong><\/p>\n<p>Transform cleaning into a celebration. Citrus and fruity notes bring life to your home, creating a festive and elegant atmosphere. Enjoy the cleanliness and freshness of a celebration in every corner.<\/p>\n<p>Haz de la limpieza una experiencia elegante con \u00abChampagne Cheer\u00bb de Latinscents. Celebra la frescura y la alegr\u00eda en tu hogar.<\/p>","protected":false},"featured_media":1355,"template":"","meta":{"site-sidebar-layout":"default","site-content-layout":"","ast-site-content-layout":"default","site-content-style":"default","site-sidebar-style":"default","ast-global-header-display":"","ast-banner-title-visibility":"","ast-main-header-display":"","ast-hfb-above-header-display":"","ast-hfb-below-header-display":"","ast-hfb-mobile-header-display":"","site-post-title":"","ast-breadcrumbs-content":"","ast-featured-img":"","footer-sml-layout":"","theme-transparent-header-meta":"default","adv-header-id-meta":"","stick-header-meta":"default","header-above-stick-meta":"","header-main-stick-meta":"","header-below-stick-meta":"","astra-migrate-meta-layouts":"set","ast-page-background-enabled":"default","ast-page-background-meta":{"desktop":{"background-color":"var(--ast-global-color-4)","background-image":"","background-repeat":"repeat","background-position":"center center","background-size":"auto","background-attachment":"scroll","background-type":"","background-media":"","overlay-type":"","overlay-color":"","overlay-opacity":"","overlay-gradient":""},"tablet":{"background-color":"","background-image":"","background-repeat":"repeat","background-position":"center center","background-size":"auto","background-attachment":"scroll","background-type":"","background-media":"","overlay-type":"","overlay-color":"","overlay-opacity":"","overlay-gradient":""},"mobile":{"background-color":"","background-image":"","background-repeat":"repeat","background-position":"center center","background-size":"auto","background-attachment":"scroll","background-type":"","background-media":"","overlay-type":"","overlay-color":"","overlay-opacity":"","overlay-gradient":""}},"ast-content-background-meta":{"desktop":{"background-color":"var(--ast-global-color-5)","background-image":"","background-repeat":"repeat","background-position":"center center","background-size":"auto","background-attachment":"scroll","background-type":"","background-media":"","overlay-type":"","overlay-color":"","overlay-opacity":"","overlay-gradient":""},"tablet":{"background-color":"var(--ast-global-color-5)","background-image":"","background-repeat":"repeat","background-position":"center center","background-size":"auto","background-attachment":"scroll","background-type":"","background-media":"","overlay-type":"","overlay-color":"","overlay-opacity":"","overlay-gradient":""},"mobile":{"background-color":"var(--ast-global-color-5)","background-image":"","background-repeat":"repeat","background-position":"center center","background-size":"auto","background-attachment":"scroll","background-type":"","background-media":"","overlay-type":"","overlay-color":"","overlay-opacity":"","overlay-gradient":""}},"_joinchat":[]},"product_cat":[42],"product_tag":[],"berocket_brand":[44],"class_list":{"0":"post-1320","1":"product","2":"type-product","3":"status-publish","4":"has-post-thumbnail","6":"product_cat-multi-usos","7":"berocket_brand-latinscents","8":"desktop-align-center","9":"tablet-align-left","10":"mobile-align-left","11":"ast-product-gallery-layout-horizontal-slider","12":"ast-product-gallery-with-no-image","13":"ast-product-tabs-layout-accordion","14":"ast-qv-on-image","16":"first","17":"instock","18":"shipping-taxable","19":"product-type-simple"},"yoast_head":"<!-- This site is optimized with the Yoast SEO plugin v23.2 - https:\/\/yoast.com\/wordpress\/plugins\/seo\/ -->\n<title>Champagne Cheer - FB Logistic<\/title>\n<meta name=\"robots\" content=\"index, follow, max-snippet:-1, max-image-preview:large, max-video-preview:-1\" \/>\n<link rel=\"canonical\" href=\"https:\/\/fblogistic.com\/en\/product\/champagne-cheer\/\" \/>\n<meta property=\"og:locale\" content=\"en_US\" \/>\n<meta property=\"og:type\" content=\"article\" \/>\n<meta property=\"og:title\" content=\"Champagne Cheer - FB Logistic\" \/>\n<meta property=\"og:description\" content=\"Una Celebraci\u00f3n de Frescura en Cada Gota: Cada aplicaci\u00f3n de &quot;Champagne Cheer&quot;  Transforma la limpieza en una celebraci\u00f3n. Las notas c\u00edtricas y frutales dan vida a tu hogar, creando un ambiente festivo y elegante. Disfruta de la limpieza y de la frescura de una celebraci\u00f3n en cada rinc\u00f3n.  Haz de la limpieza una experiencia elegante con &quot;Champagne Cheer&quot; de Latinscents. Celebra la frescura y la alegr\u00eda en tu hogar.\" \/>\n<meta property=\"og:url\" content=\"https:\/\/fblogistic.com\/en\/product\/champagne-cheer\/\" \/>\n<meta property=\"og:site_name\" content=\"FB Logistic\" \/>\n<meta property=\"article:modified_time\" content=\"2024-06-05T19:43:26+00:00\" \/>\n<meta property=\"og:image\" content=\"https:\/\/fblogistic.com\/wp-content\/uploads\/2024\/06\/champagne-cheer.webp\" \/>\n\t<meta property=\"og:image:width\" content=\"1000\" \/>\n\t<meta property=\"og:image:height\" content=\"1000\" \/>\n\t<meta property=\"og:image:type\" content=\"image\/webp\" \/>\n<meta name=\"twitter:card\" content=\"summary_large_image\" \/>\n<meta name=\"twitter:label1\" content=\"Est. reading time\" \/>\n\t<meta name=\"twitter:data1\" content=\"1 minute\" \/>\n<script type=\"application\/ld+json\" class=\"yoast-schema-graph\">{\"@context\":\"https:\/\/schema.org\",\"@graph\":[{\"@type\":\"WebPage\",\"@id\":\"https:\/\/fblogistic.com\/producto\/champagne-cheer\/\",\"url\":\"https:\/\/fblogistic.com\/producto\/champagne-cheer\/\",\"name\":\"Champagne Cheer - FB Logistic\",\"isPartOf\":{\"@id\":\"https:\/\/fblogistic.com\/#website\"},\"primaryImageOfPage\":{\"@id\":\"https:\/\/fblogistic.com\/producto\/champagne-cheer\/#primaryimage\"},\"image\":{\"@id\":\"https:\/\/fblogistic.com\/producto\/champagne-cheer\/#primaryimage\"},\"thumbnailUrl\":\"https:\/\/fblogistic.com\/wp-content\/uploads\/2024\/06\/champagne-cheer.webp\",\"datePublished\":\"2024-06-05T15:05:28+00:00\",\"dateModified\":\"2024-06-05T19:43:26+00:00\",\"breadcrumb\":{\"@id\":\"https:\/\/fblogistic.com\/producto\/champagne-cheer\/#breadcrumb\"},\"inLanguage\":\"en-US\",\"potentialAction\":[{\"@type\":\"ReadAction\",\"target\":[\"https:\/\/fblogistic.com\/producto\/champagne-cheer\/\"]}]},{\"@type\":\"ImageObject\",\"inLanguage\":\"en-US\",\"@id\":\"https:\/\/fblogistic.com\/producto\/champagne-cheer\/#primaryimage\",\"url\":\"https:\/\/fblogistic.com\/wp-content\/uploads\/2024\/06\/champagne-cheer.webp\",\"contentUrl\":\"https:\/\/fblogistic.com\/wp-content\/uploads\/2024\/06\/champagne-cheer.webp\",\"width\":1000,\"height\":1000},{\"@type\":\"BreadcrumbList\",\"@id\":\"https:\/\/fblogistic.com\/producto\/champagne-cheer\/#breadcrumb\",\"itemListElement\":[{\"@type\":\"ListItem\",\"position\":1,\"name\":\"Portada\",\"item\":\"https:\/\/fblogistic.com\/\"},{\"@type\":\"ListItem\",\"position\":2,\"name\":\"Cat\u00e1logo\",\"item\":\"https:\/\/fblogistic.com\/catalogo\/\"},{\"@type\":\"ListItem\",\"position\":3,\"name\":\"Champagne Cheer\"}]},{\"@type\":\"WebSite\",\"@id\":\"https:\/\/fblogistic.com\/#website\",\"url\":\"https:\/\/fblogistic.com\/\",\"name\":\"FB Logistic\",\"description\":\"Alimentos y bebidas frescos para disfrutar en Puerto Rico.\",\"publisher\":{\"@id\":\"https:\/\/fblogistic.com\/#organization\"},\"potentialAction\":[{\"@type\":\"SearchAction\",\"target\":{\"@type\":\"EntryPoint\",\"urlTemplate\":\"https:\/\/fblogistic.com\/?s={search_term_string}\"},\"query-input\":\"required name=search_term_string\"}],\"inLanguage\":\"en-US\"},{\"@type\":\"Organization\",\"@id\":\"https:\/\/fblogistic.com\/#organization\",\"name\":\"FB Logistic\",\"url\":\"https:\/\/fblogistic.com\/\",\"logo\":{\"@type\":\"ImageObject\",\"inLanguage\":\"en-US\",\"@id\":\"https:\/\/fblogistic.com\/#\/schema\/logo\/image\/\",\"url\":\"https:\/\/fblogistic.com\/wp-content\/uploads\/2024\/02\/LOGO-FB-LOGISTIC.webp\",\"contentUrl\":\"https:\/\/fblogistic.com\/wp-content\/uploads\/2024\/02\/LOGO-FB-LOGISTIC.webp\",\"width\":625,\"height\":150,\"caption\":\"FB Logistic\"},\"image\":{\"@id\":\"https:\/\/fblogistic.com\/#\/schema\/logo\/image\/\"}}]}<\/script>\n<!-- \/ Yoast SEO plugin. -->","yoast_head_json":{"title":"Champagne Cheer - FB Logistic","robots":{"index":"index","follow":"follow","max-snippet":"max-snippet:-1","max-image-preview":"max-image-preview:large","max-video-preview":"max-video-preview:-1"},"canonical":"https:\/\/fblogistic.com\/en\/product\/champagne-cheer\/","og_locale":"en_US","og_type":"article","og_title":"Champagne Cheer - FB Logistic","og_description":"Una Celebraci\u00f3n de Frescura en Cada Gota: Cada aplicaci\u00f3n de \"Champagne Cheer\"  Transforma la limpieza en una celebraci\u00f3n. Las notas c\u00edtricas y frutales dan vida a tu hogar, creando un ambiente festivo y elegante. Disfruta de la limpieza y de la frescura de una celebraci\u00f3n en cada rinc\u00f3n.  Haz de la limpieza una experiencia elegante con \"Champagne Cheer\" de Latinscents. Celebra la frescura y la alegr\u00eda en tu hogar.","og_url":"https:\/\/fblogistic.com\/en\/product\/champagne-cheer\/","og_site_name":"FB Logistic","article_modified_time":"2024-06-05T19:43:26+00:00","og_image":[{"width":1000,"height":1000,"url":"https:\/\/fblogistic.com\/wp-content\/uploads\/2024\/06\/champagne-cheer.webp","type":"image\/webp"}],"twitter_card":"summary_large_image","twitter_misc":{"Est. reading time":"1 minute"},"schema":{"@context":"https:\/\/schema.org","@graph":[{"@type":"WebPage","@id":"https:\/\/fblogistic.com\/producto\/champagne-cheer\/","url":"https:\/\/fblogistic.com\/producto\/champagne-cheer\/","name":"Champagne Cheer - FB Logistic","isPartOf":{"@id":"https:\/\/fblogistic.com\/#website"},"primaryImageOfPage":{"@id":"https:\/\/fblogistic.com\/producto\/champagne-cheer\/#primaryimage"},"image":{"@id":"https:\/\/fblogistic.com\/producto\/champagne-cheer\/#primaryimage"},"thumbnailUrl":"https:\/\/fblogistic.com\/wp-content\/uploads\/2024\/06\/champagne-cheer.webp","datePublished":"2024-06-05T15:05:28+00:00","dateModified":"2024-06-05T19:43:26+00:00","breadcrumb":{"@id":"https:\/\/fblogistic.com\/producto\/champagne-cheer\/#breadcrumb"},"inLanguage":"en-US","potentialAction":[{"@type":"ReadAction","target":["https:\/\/fblogistic.com\/producto\/champagne-cheer\/"]}]},{"@type":"ImageObject","inLanguage":"en-US","@id":"https:\/\/fblogistic.com\/producto\/champagne-cheer\/#primaryimage","url":"https:\/\/fblogistic.com\/wp-content\/uploads\/2024\/06\/champagne-cheer.webp","contentUrl":"https:\/\/fblogistic.com\/wp-content\/uploads\/2024\/06\/champagne-cheer.webp","width":1000,"height":1000},{"@type":"BreadcrumbList","@id":"https:\/\/fblogistic.com\/producto\/champagne-cheer\/#breadcrumb","itemListElement":[{"@type":"ListItem","position":1,"name":"Portada","item":"https:\/\/fblogistic.com\/"},{"@type":"ListItem","position":2,"name":"Cat\u00e1logo","item":"https:\/\/fblogistic.com\/catalogo\/"},{"@type":"ListItem","position":3,"name":"Champagne Cheer"}]},{"@type":"WebSite","@id":"https:\/\/fblogistic.com\/#website","url":"https:\/\/fblogistic.com\/","name":"FB Logistic","description":"Alimentos y bebidas frescos para disfrutar en Puerto Rico.","publisher":{"@id":"https:\/\/fblogistic.com\/#organization"},"potentialAction":[{"@type":"SearchAction","target":{"@type":"EntryPoint","urlTemplate":"https:\/\/fblogistic.com\/?s={search_term_string}"},"query-input":"required name=search_term_string"}],"inLanguage":"en-US"},{"@type":"Organization","@id":"https:\/\/fblogistic.com\/#organization","name":"FB Logistic","url":"https:\/\/fblogistic.com\/","logo":{"@type":"ImageObject","inLanguage":"en-US","@id":"https:\/\/fblogistic.com\/#\/schema\/logo\/image\/","url":"https:\/\/fblogistic.com\/wp-content\/uploads\/2024\/02\/LOGO-FB-LOGISTIC.webp","contentUrl":"https:\/\/fblogistic.com\/wp-content\/uploads\/2024\/02\/LOGO-FB-LOGISTIC.webp","width":625,"height":150,"caption":"FB Logistic"},"image":{"@id":"https:\/\/fblogistic.com\/#\/schema\/logo\/image\/"}}]}},"_links":{"self":[{"href":"https:\/\/fblogistic.com\/en\/wp-json\/wp\/v2\/product\/1320","targetHints":{"allow":["GET"]}}],"collection":[{"href":"https:\/\/fblogistic.com\/en\/wp-json\/wp\/v2\/product"}],"about":[{"href":"https:\/\/fblogistic.com\/en\/wp-json\/wp\/v2\/types\/product"}],"wp:featuredmedia":[{"embeddable":true,"href":"https:\/\/fblogistic.com\/en\/wp-json\/wp\/v2\/media\/1355"}],"wp:attachment":[{"href":"https:\/\/fblogistic.com\/en\/wp-json\/wp\/v2\/media?parent=1320"}],"wp:term":[{"taxonomy":"product_cat","embeddable":true,"href":"https:\/\/fblogistic.com\/en\/wp-json\/wp\/v2\/product_cat?post=1320"},{"taxonomy":"product_tag","embeddable":true,"href":"https:\/\/fblogistic.com\/en\/wp-json\/wp\/v2\/product_tag?post=1320"},{"taxonomy":"berocket_brand","embeddable":true,"href":"https:\/\/fblogistic.com\/en\/wp-json\/wp\/v2\/berocket_brand?post=1320"}],"curies":[{"name":"wp","href":"https:\/\/api.w.org\/{rel}","templated":true}]}}