{"id":1318,"date":"2024-06-05T10:05:28","date_gmt":"2024-06-05T15:05:28","guid":{"rendered":"https:\/\/fblogistic.com\/?post_type=product&#038;p=1318"},"modified":"2024-06-05T14:45:37","modified_gmt":"2024-06-05T19:45:37","slug":"tropical-breeze","status":"publish","type":"product","link":"https:\/\/fblogistic.com\/en\/product\/tropical-breeze\/","title":{"rendered":"Tropical Breeze"},"content":{"rendered":"","protected":false},"excerpt":{"rendered":"<p><strong>Transform your Home into a Tropical Oasis<\/strong><\/p>\n<p>Each application of \u201cTropical Breeze\u201d not only leaves your home spotless, but also creates an immersive tropical atmosphere. Let the exotic notes take you to sunny beaches and palm trees swaying in the breeze, making every corner of your home breathe freshness and serenity.<\/p>\n<p>Make cleaning a tropical getaway with \u201cTropical Breeze\u201d from Latinscents. Discover the freshness and joy of living in a paradise every day.<\/p>","protected":false},"featured_media":1353,"template":"","meta":{"site-sidebar-layout":"default","site-content-layout":"","ast-site-content-layout":"default","site-content-style":"default","site-sidebar-style":"default","ast-global-header-display":"","ast-banner-title-visibility":"","ast-main-header-display":"","ast-hfb-above-header-display":"","ast-hfb-below-header-display":"","ast-hfb-mobile-header-display":"","site-post-title":"","ast-breadcrumbs-content":"","ast-featured-img":"","footer-sml-layout":"","theme-transparent-header-meta":"default","adv-header-id-meta":"","stick-header-meta":"default","header-above-stick-meta":"","header-main-stick-meta":"","header-below-stick-meta":"","astra-migrate-meta-layouts":"set","ast-page-background-enabled":"default","ast-page-background-meta":{"desktop":{"background-color":"var(--ast-global-color-4)","background-image":"","background-repeat":"repeat","background-position":"center center","background-size":"auto","background-attachment":"scroll","background-type":"","background-media":"","overlay-type":"","overlay-color":"","overlay-opacity":"","overlay-gradient":""},"tablet":{"background-color":"","background-image":"","background-repeat":"repeat","background-position":"center center","background-size":"auto","background-attachment":"scroll","background-type":"","background-media":"","overlay-type":"","overlay-color":"","overlay-opacity":"","overlay-gradient":""},"mobile":{"background-color":"","background-image":"","background-repeat":"repeat","background-position":"center center","background-size":"auto","background-attachment":"scroll","background-type":"","background-media":"","overlay-type":"","overlay-color":"","overlay-opacity":"","overlay-gradient":""}},"ast-content-background-meta":{"desktop":{"background-color":"var(--ast-global-color-5)","background-image":"","background-repeat":"repeat","background-position":"center center","background-size":"auto","background-attachment":"scroll","background-type":"","background-media":"","overlay-type":"","overlay-color":"","overlay-opacity":"","overlay-gradient":""},"tablet":{"background-color":"var(--ast-global-color-5)","background-image":"","background-repeat":"repeat","background-position":"center center","background-size":"auto","background-attachment":"scroll","background-type":"","background-media":"","overlay-type":"","overlay-color":"","overlay-opacity":"","overlay-gradient":""},"mobile":{"background-color":"var(--ast-global-color-5)","background-image":"","background-repeat":"repeat","background-position":"center center","background-size":"auto","background-attachment":"scroll","background-type":"","background-media":"","overlay-type":"","overlay-color":"","overlay-opacity":"","overlay-gradient":""}},"_joinchat":[]},"product_cat":[42],"product_tag":[],"berocket_brand":[44],"class_list":{"0":"post-1318","1":"product","2":"type-product","3":"status-publish","4":"has-post-thumbnail","6":"product_cat-multi-usos","7":"berocket_brand-latinscents","8":"desktop-align-center","9":"tablet-align-left","10":"mobile-align-left","11":"ast-product-gallery-layout-horizontal-slider","12":"ast-product-gallery-with-no-image","13":"ast-product-tabs-layout-accordion","14":"ast-qv-on-image","16":"first","17":"instock","18":"shipping-taxable","19":"product-type-simple"},"yoast_head":"<!-- This site is optimized with the Yoast SEO plugin v23.2 - https:\/\/yoast.com\/wordpress\/plugins\/seo\/ -->\n<title>Tropical Breeze - FB Logistic<\/title>\n<meta name=\"robots\" content=\"index, follow, max-snippet:-1, max-image-preview:large, max-video-preview:-1\" \/>\n<link rel=\"canonical\" href=\"https:\/\/fblogistic.com\/en\/product\/tropical-breeze\/\" \/>\n<meta property=\"og:locale\" content=\"en_US\" \/>\n<meta property=\"og:type\" content=\"article\" \/>\n<meta property=\"og:title\" content=\"Tropical Breeze - FB Logistic\" \/>\n<meta property=\"og:description\" content=\"Transforma tu Hogar en un Oasis Tropical  Cada aplicaci\u00f3n de &quot;Tropical Breeze&quot; no solo deja tu hogar impecable, sino que tambi\u00e9n crea un ambiente tropical envolvente. Deja que ls notas ex\u00f3ticas te lleven a playas soleadas y palmeras meci\u00e9ndose en la brisa, haciendo que cada rinc\u00f3n de tu hogar respire frescura y serenidad.  Haz de la limpieza una escapada tropical con &quot;Tropical Breeze&quot; de Latinscents. Descubre la frescura y la alegr\u00eda de vivir en un para\u00edso cada d\u00eda.\" \/>\n<meta property=\"og:url\" content=\"https:\/\/fblogistic.com\/en\/product\/tropical-breeze\/\" \/>\n<meta property=\"og:site_name\" content=\"FB Logistic\" \/>\n<meta property=\"article:modified_time\" content=\"2024-06-05T19:45:37+00:00\" \/>\n<meta property=\"og:image\" content=\"https:\/\/fblogistic.com\/wp-content\/uploads\/2024\/06\/tropical-breeze-1.webp\" \/>\n\t<meta property=\"og:image:width\" content=\"1000\" \/>\n\t<meta property=\"og:image:height\" content=\"1000\" \/>\n\t<meta property=\"og:image:type\" content=\"image\/webp\" \/>\n<meta name=\"twitter:card\" content=\"summary_large_image\" \/>\n<meta name=\"twitter:label1\" content=\"Est. reading time\" \/>\n\t<meta name=\"twitter:data1\" content=\"1 minute\" \/>\n<script type=\"application\/ld+json\" class=\"yoast-schema-graph\">{\"@context\":\"https:\/\/schema.org\",\"@graph\":[{\"@type\":\"WebPage\",\"@id\":\"https:\/\/fblogistic.com\/producto\/tropical-breeze\/\",\"url\":\"https:\/\/fblogistic.com\/producto\/tropical-breeze\/\",\"name\":\"Tropical Breeze - FB Logistic\",\"isPartOf\":{\"@id\":\"https:\/\/fblogistic.com\/#website\"},\"primaryImageOfPage\":{\"@id\":\"https:\/\/fblogistic.com\/producto\/tropical-breeze\/#primaryimage\"},\"image\":{\"@id\":\"https:\/\/fblogistic.com\/producto\/tropical-breeze\/#primaryimage\"},\"thumbnailUrl\":\"https:\/\/fblogistic.com\/wp-content\/uploads\/2024\/06\/tropical-breeze-1.webp\",\"datePublished\":\"2024-06-05T15:05:28+00:00\",\"dateModified\":\"2024-06-05T19:45:37+00:00\",\"breadcrumb\":{\"@id\":\"https:\/\/fblogistic.com\/producto\/tropical-breeze\/#breadcrumb\"},\"inLanguage\":\"en-US\",\"potentialAction\":[{\"@type\":\"ReadAction\",\"target\":[\"https:\/\/fblogistic.com\/producto\/tropical-breeze\/\"]}]},{\"@type\":\"ImageObject\",\"inLanguage\":\"en-US\",\"@id\":\"https:\/\/fblogistic.com\/producto\/tropical-breeze\/#primaryimage\",\"url\":\"https:\/\/fblogistic.com\/wp-content\/uploads\/2024\/06\/tropical-breeze-1.webp\",\"contentUrl\":\"https:\/\/fblogistic.com\/wp-content\/uploads\/2024\/06\/tropical-breeze-1.webp\",\"width\":1000,\"height\":1000},{\"@type\":\"BreadcrumbList\",\"@id\":\"https:\/\/fblogistic.com\/producto\/tropical-breeze\/#breadcrumb\",\"itemListElement\":[{\"@type\":\"ListItem\",\"position\":1,\"name\":\"Portada\",\"item\":\"https:\/\/fblogistic.com\/\"},{\"@type\":\"ListItem\",\"position\":2,\"name\":\"Cat\u00e1logo\",\"item\":\"https:\/\/fblogistic.com\/catalogo\/\"},{\"@type\":\"ListItem\",\"position\":3,\"name\":\"Tropical Breeze\"}]},{\"@type\":\"WebSite\",\"@id\":\"https:\/\/fblogistic.com\/#website\",\"url\":\"https:\/\/fblogistic.com\/\",\"name\":\"FB Logistic\",\"description\":\"Alimentos y bebidas frescos para disfrutar en Puerto Rico.\",\"publisher\":{\"@id\":\"https:\/\/fblogistic.com\/#organization\"},\"potentialAction\":[{\"@type\":\"SearchAction\",\"target\":{\"@type\":\"EntryPoint\",\"urlTemplate\":\"https:\/\/fblogistic.com\/?s={search_term_string}\"},\"query-input\":\"required name=search_term_string\"}],\"inLanguage\":\"en-US\"},{\"@type\":\"Organization\",\"@id\":\"https:\/\/fblogistic.com\/#organization\",\"name\":\"FB Logistic\",\"url\":\"https:\/\/fblogistic.com\/\",\"logo\":{\"@type\":\"ImageObject\",\"inLanguage\":\"en-US\",\"@id\":\"https:\/\/fblogistic.com\/#\/schema\/logo\/image\/\",\"url\":\"https:\/\/fblogistic.com\/wp-content\/uploads\/2024\/02\/LOGO-FB-LOGISTIC.webp\",\"contentUrl\":\"https:\/\/fblogistic.com\/wp-content\/uploads\/2024\/02\/LOGO-FB-LOGISTIC.webp\",\"width\":625,\"height\":150,\"caption\":\"FB Logistic\"},\"image\":{\"@id\":\"https:\/\/fblogistic.com\/#\/schema\/logo\/image\/\"}}]}<\/script>\n<!-- \/ Yoast SEO plugin. -->","yoast_head_json":{"title":"Tropical Breeze - FB Logistic","robots":{"index":"index","follow":"follow","max-snippet":"max-snippet:-1","max-image-preview":"max-image-preview:large","max-video-preview":"max-video-preview:-1"},"canonical":"https:\/\/fblogistic.com\/en\/product\/tropical-breeze\/","og_locale":"en_US","og_type":"article","og_title":"Tropical Breeze - FB Logistic","og_description":"Transforma tu Hogar en un Oasis Tropical  Cada aplicaci\u00f3n de \"Tropical Breeze\" no solo deja tu hogar impecable, sino que tambi\u00e9n crea un ambiente tropical envolvente. Deja que ls notas ex\u00f3ticas te lleven a playas soleadas y palmeras meci\u00e9ndose en la brisa, haciendo que cada rinc\u00f3n de tu hogar respire frescura y serenidad.  Haz de la limpieza una escapada tropical con \"Tropical Breeze\" de Latinscents. Descubre la frescura y la alegr\u00eda de vivir en un para\u00edso cada d\u00eda.","og_url":"https:\/\/fblogistic.com\/en\/product\/tropical-breeze\/","og_site_name":"FB Logistic","article_modified_time":"2024-06-05T19:45:37+00:00","og_image":[{"width":1000,"height":1000,"url":"https:\/\/fblogistic.com\/wp-content\/uploads\/2024\/06\/tropical-breeze-1.webp","type":"image\/webp"}],"twitter_card":"summary_large_image","twitter_misc":{"Est. reading time":"1 minute"},"schema":{"@context":"https:\/\/schema.org","@graph":[{"@type":"WebPage","@id":"https:\/\/fblogistic.com\/producto\/tropical-breeze\/","url":"https:\/\/fblogistic.com\/producto\/tropical-breeze\/","name":"Tropical Breeze - FB Logistic","isPartOf":{"@id":"https:\/\/fblogistic.com\/#website"},"primaryImageOfPage":{"@id":"https:\/\/fblogistic.com\/producto\/tropical-breeze\/#primaryimage"},"image":{"@id":"https:\/\/fblogistic.com\/producto\/tropical-breeze\/#primaryimage"},"thumbnailUrl":"https:\/\/fblogistic.com\/wp-content\/uploads\/2024\/06\/tropical-breeze-1.webp","datePublished":"2024-06-05T15:05:28+00:00","dateModified":"2024-06-05T19:45:37+00:00","breadcrumb":{"@id":"https:\/\/fblogistic.com\/producto\/tropical-breeze\/#breadcrumb"},"inLanguage":"en-US","potentialAction":[{"@type":"ReadAction","target":["https:\/\/fblogistic.com\/producto\/tropical-breeze\/"]}]},{"@type":"ImageObject","inLanguage":"en-US","@id":"https:\/\/fblogistic.com\/producto\/tropical-breeze\/#primaryimage","url":"https:\/\/fblogistic.com\/wp-content\/uploads\/2024\/06\/tropical-breeze-1.webp","contentUrl":"https:\/\/fblogistic.com\/wp-content\/uploads\/2024\/06\/tropical-breeze-1.webp","width":1000,"height":1000},{"@type":"BreadcrumbList","@id":"https:\/\/fblogistic.com\/producto\/tropical-breeze\/#breadcrumb","itemListElement":[{"@type":"ListItem","position":1,"name":"Portada","item":"https:\/\/fblogistic.com\/"},{"@type":"ListItem","position":2,"name":"Cat\u00e1logo","item":"https:\/\/fblogistic.com\/catalogo\/"},{"@type":"ListItem","position":3,"name":"Tropical Breeze"}]},{"@type":"WebSite","@id":"https:\/\/fblogistic.com\/#website","url":"https:\/\/fblogistic.com\/","name":"FB Logistic","description":"Alimentos y bebidas frescos para disfrutar en Puerto Rico.","publisher":{"@id":"https:\/\/fblogistic.com\/#organization"},"potentialAction":[{"@type":"SearchAction","target":{"@type":"EntryPoint","urlTemplate":"https:\/\/fblogistic.com\/?s={search_term_string}"},"query-input":"required name=search_term_string"}],"inLanguage":"en-US"},{"@type":"Organization","@id":"https:\/\/fblogistic.com\/#organization","name":"FB Logistic","url":"https:\/\/fblogistic.com\/","logo":{"@type":"ImageObject","inLanguage":"en-US","@id":"https:\/\/fblogistic.com\/#\/schema\/logo\/image\/","url":"https:\/\/fblogistic.com\/wp-content\/uploads\/2024\/02\/LOGO-FB-LOGISTIC.webp","contentUrl":"https:\/\/fblogistic.com\/wp-content\/uploads\/2024\/02\/LOGO-FB-LOGISTIC.webp","width":625,"height":150,"caption":"FB Logistic"},"image":{"@id":"https:\/\/fblogistic.com\/#\/schema\/logo\/image\/"}}]}},"_links":{"self":[{"href":"https:\/\/fblogistic.com\/en\/wp-json\/wp\/v2\/product\/1318","targetHints":{"allow":["GET"]}}],"collection":[{"href":"https:\/\/fblogistic.com\/en\/wp-json\/wp\/v2\/product"}],"about":[{"href":"https:\/\/fblogistic.com\/en\/wp-json\/wp\/v2\/types\/product"}],"wp:featuredmedia":[{"embeddable":true,"href":"https:\/\/fblogistic.com\/en\/wp-json\/wp\/v2\/media\/1353"}],"wp:attachment":[{"href":"https:\/\/fblogistic.com\/en\/wp-json\/wp\/v2\/media?parent=1318"}],"wp:term":[{"taxonomy":"product_cat","embeddable":true,"href":"https:\/\/fblogistic.com\/en\/wp-json\/wp\/v2\/product_cat?post=1318"},{"taxonomy":"product_tag","embeddable":true,"href":"https:\/\/fblogistic.com\/en\/wp-json\/wp\/v2\/product_tag?post=1318"},{"taxonomy":"berocket_brand","embeddable":true,"href":"https:\/\/fblogistic.com\/en\/wp-json\/wp\/v2\/berocket_brand?post=1318"}],"curies":[{"name":"wp","href":"https:\/\/api.w.org\/{rel}","templated":true}]}}